{"id":1771020,"date":"2022-02-27T13:09:05","date_gmt":"2022-02-27T12:09:05","guid":{"rendered":"https:\/\/nuevasgalerias.madrid\/avis-juridique\/"},"modified":"2024-01-14T13:13:15","modified_gmt":"2024-01-14T12:13:15","slug":"avis-juridique","status":"publish","type":"page","link":"https:\/\/nuevasgalerias.madrid\/fr\/avis-juridique\/","title":{"rendered":"Avis juridique"},"content":{"rendered":"<p>[et_pb_section fb_built=\u00a0\u00bb1&Prime; custom_padding_last_edited=\u00a0\u00bbon|phone\u00a0\u00bb _builder_version=\u00a0\u00bb4.16&Prime; _module_preset=\u00a0\u00bb88ca1067-9481-4fcc-849d-eb92e1cd98ee\u00a0\u00bb use_background_color_gradient=\u00a0\u00bbon\u00a0\u00bb background_color_gradient_direction=\u00a0\u00bb153deg\u00a0\u00bb background_color_gradient_stops=\u00a0\u00bb#210a07 0%|rgba(40,37,49,0.09) 100%\u00a0\u00bb background_color_gradient_overlays_image=\u00a0\u00bbon\u00a0\u00bb background_color_gradient_start=\u00a0\u00bb#210a07&Prime; background_color_gradient_end=\u00a0\u00bbrgba(40,37,49,0.09)\u00a0\u00bb background_image=\u00a0\u00bbhttps:\/\/nuevasgalerias.madrid\/wp-content\/uploads\/2022\/03\/Nuevas-Galerias-del-Rastro-de-Madrid-e1646845207230.jpg\u00a0\u00bb background_position=\u00a0\u00bbbottom_center\u00a0\u00bb custom_padding=\u00a0\u00bb50px||50px||true|false\u00a0\u00bb custom_padding_tablet=\u00a0\u00bb50px||50px||true|false\u00a0\u00bb custom_padding_phone=\u00a0\u00bb20px||20px||true|false\u00a0\u00bb locked=\u00a0\u00bboff\u00a0\u00bb global_colors_info=\u00a0\u00bb{}\u00a0\u00bb][et_pb_row _builder_version=\u00a0\u00bb4.16&Prime; _module_preset=\u00a0\u00bb6c95c9fb-55a4-467b-85bc-f6de33749058&Prime; width_phone=\u00a0\u00bb90%\u00a0\u00bb scroll_vertical_motion_enable=\u00a0\u00bbon\u00a0\u00bb scroll_vertical_motion=\u00a0\u00bb0|41|41|100|1|0|-1&Prime; scroll_fade_enable=\u00a0\u00bbon\u00a0\u00bb scroll_fade=\u00a0\u00bb0|79|79|100|100%|100%|0%\u00a0\u00bb scroll_vertical_motion_tablet=\u00a0\u00bb0|41|41|100|1|0|-1&Prime; scroll_vertical_motion_phone=\u00a0\u00bb0|78|78|100|1|0|-1&Prime; scroll_vertical_motion_last_edited=\u00a0\u00bbon|phone\u00a0\u00bb global_colors_info=\u00a0\u00bb{}\u00a0\u00bb][et_pb_column type=\u00a0\u00bb4_4&Prime; _builder_version=\u00a0\u00bb4.16&Prime; _module_preset=\u00a0\u00bbdefault\u00a0\u00bb global_colors_info=\u00a0\u00bb{}\u00a0\u00bb][et_pb_text _builder_version=\u00a0\u00bb4.16&Prime; _module_preset=\u00a0\u00bbbc8d12d7-f79b-41cc-ab1a-1b2d46eab98c\u00a0\u00bb text_font=\u00a0\u00bbPoppins|500||on|||||\u00a0\u00bb text_text_color=\u00a0\u00bbgcid-2e7d7533-3847-4012-b825-41d080ea36ae\u00a0\u00bb text_font_size=\u00a0\u00bb24px\u00a0\u00bb background_color=\u00a0\u00bbgcid-097a2060-1d93-4182-80c5-92e20c1f9b85&Prime; background_enable_color=\u00a0\u00bboff\u00a0\u00bb text_font_size_phone=\u00a0\u00bb17px\u00a0\u00bb global_colors_info=\u00a0\u00bb{}\u00a0\u00bb]<\/p>\n<p>JURIDIQUE<\/p>\n<p>[\/et_pb_text][et_pb_text _builder_version=\u00a0\u00bb4.16&Prime; _module_preset=\u00a0\u00bb9b77fb7c-fa95-4029-a951-a561aee263b1&Prime; text_font=\u00a0\u00bbPT Serif||||||||\u00a0\u00bb text_text_color=\u00a0\u00bb#FFFFFF\u00a0\u00bb text_font_size=\u00a0\u00bb20px\u00a0\u00bb header_font=\u00a0\u00bbPoppins|600|||||||\u00a0\u00bb header_font_size=\u00a0\u00bb56px\u00a0\u00bb header_2_font=\u00a0\u00bbPoppins|600|||||||\u00a0\u00bb header_3_font=\u00a0\u00bbPoppins|600|||||||\u00a0\u00bb header_4_font=\u00a0\u00bbPoppins|600|||||||\u00a0\u00bb header_5_font=\u00a0\u00bbPoppins|600|||||||\u00a0\u00bb header_6_font=\u00a0\u00bbPoppins|600|||||||\u00a0\u00bb max_width=\u00a0\u00bb64%\u00a0\u00bb max_width_tablet=\u00a0\u00bb100%\u00a0\u00bb max_width_phone=\u00a0\u00bb\u00a0\u00bb max_width_last_edited=\u00a0\u00bbon|phone\u00a0\u00bb header_font_size_tablet=\u00a0\u00bb40px\u00a0\u00bb header_font_size_phone=\u00a0\u00bb30px\u00a0\u00bb global_colors_info=\u00a0\u00bb{}\u00a0\u00bb]<\/p>\n<h1>Avis juridique<\/h1>\n<p>[\/et_pb_text][dipi_breadcrumbs bc_custom_home=\u00a0\u00bbon\u00a0\u00bb bc_home_text=\u00a0\u00bbInicio\u00a0\u00bb bc_home_url=\u00a0\u00bbhttps:\/\/agftours.server3.trinchera.dev\/\u00a0\u00bb bc_home_icon=\u00a0\u00bbon\u00a0\u00bb bc_home_color=\u00a0\u00bb#F6F7FA\u00a0\u00bb bc_separator_icon=\u00a0\u00bb&#x35;||divi||400&Prime; bc_post_type=\u00a0\u00bbpage\u00a0\u00bb bc_separator_color=\u00a0\u00bb#F6F7FA\u00a0\u00bb bc_item_bg_color=\u00a0\u00bbrgba(188,142,80,0.89)\u00a0\u00bb bc_item_padding=\u00a0\u00bb10px|15px|10px|15px|true|true\u00a0\u00bb bc_active_item_color=\u00a0\u00bbrgba(188,142,80,0.89)\u00a0\u00bb bc_active_item_padding=\u00a0\u00bb10px|15px|10px|15px|true|true\u00a0\u00bb _builder_version=\u00a0\u00bb4.16&Prime; _module_preset=\u00a0\u00bbdefault\u00a0\u00bb items_font=\u00a0\u00bbPoppins||||||||\u00a0\u00bb items_text_color=\u00a0\u00bb#F6F7FA\u00a0\u00bb items_font_size_tablet=\u00a0\u00bb\u00a0\u00bb items_font_size_phone=\u00a0\u00bb13px\u00a0\u00bb items_font_size_last_edited=\u00a0\u00bbon|phone\u00a0\u00bb border_radii_items=\u00a0\u00bbon|376px|376px|376px|376px\u00a0\u00bb border_radii_active=\u00a0\u00bbon|764px|764px|764px|764px\u00a0\u00bb global_colors_info=\u00a0\u00bb{}\u00a0\u00bb][\/dipi_breadcrumbs][\/et_pb_column][\/et_pb_row][\/et_pb_section][et_pb_section fb_built=\u00a0\u00bb1&Prime; _builder_version=\u00a0\u00bb4.16&Prime; _module_preset=\u00a0\u00bbdefault\u00a0\u00bb global_colors_info=\u00a0\u00bb{}\u00a0\u00bb][et_pb_row _builder_version=\u00a0\u00bb4.16&Prime; _module_preset=\u00a0\u00bbdefault\u00a0\u00bb global_colors_info=\u00a0\u00bb{}\u00a0\u00bb][et_pb_column type=\u00a0\u00bb4_4&Prime; _builder_version=\u00a0\u00bb4.16&Prime; _module_preset=\u00a0\u00bbdefault\u00a0\u00bb global_colors_info=\u00a0\u00bb{}\u00a0\u00bb][et_pb_text _builder_version=\u00a0\u00bb4.16&Prime; _module_preset=\u00a0\u00bbdefault\u00a0\u00bb global_colors_info=\u00a0\u00bb{}\u00a0\u00bb]<\/p>\n<p>Le pr\u00e9sent avis juridique r\u00e9git l&rsquo;utilisation du site web <u><br \/>\n  <a href=\"https:\/\/www.nuevasgalerias.madrid\/\">https:\/\/www.nuevasgalerias.madrid\/<\/a><br \/>\n<\/u>  (ci-apr\u00e8s, le Site), propri\u00e9t\u00e9 de NUEVAS GALER\u00cdAS DEL RASTRO, sise C\/ Ribera de Curtidores 12, 28005, Madrid ; d\u00e9pendant de l&rsquo;ASOCIACI\u00d3N VENERABLE ORDEN TERCERA SAN FRANCISCO DE AS\u00cdS, sise C\/ San Bernab\u00e9 13, 28005 de Madrid ; CIF n\u00ba G28727154 ; et dont l&rsquo;adresse de courrier \u00e9lectronique est la suivante  <a href=\"mailto:info@nuevasgalerias.madrid\">info@nuevasgalerias.madrid<\/a>  inscrit au registre des entit\u00e9s du minist\u00e8re de la justice 016466-3329-\/0-SE\/-.<\/p>\n<p>L&rsquo;utilisation du site requiert l&rsquo;acceptation expresse par l&rsquo;utilisateur de toutes et chacune des clauses indiqu\u00e9es dans le pr\u00e9sent avis juridique, ainsi que de tous les avertissements ou clauses sp\u00e9cifiques \u00e9tablis pour la souscription de certains services, produits ou l&rsquo;utilisation de zones du site.<\/p>\n<p>Si l&rsquo;utilisateur n&rsquo;accepte pas les clauses \u00e9tablies dans le pr\u00e9sent avis juridique, il doit s&rsquo;abstenir d&rsquo;acc\u00e9der et\/ou d&rsquo;utiliser les services et\/ou les contenus mis \u00e0 sa disposition sur le site Web et quitter ce dernier.<\/p>\n<p>&nbsp;<\/p>\n<h3>UTILISATION DU SITE<\/h3>\n<p>L&rsquo;utilisateur s&rsquo;engage \u00e0 ne pas utiliser le site pour r\u00e9aliser des activit\u00e9s contraires \u00e0 la loi, \u00e0 la morale, \u00e0 l&rsquo;ordre public et, en g\u00e9n\u00e9ral, \u00e0 l&rsquo;utiliser conform\u00e9ment aux conditions \u00e9tablies dans le pr\u00e9sent avis juridique. Il s&rsquo;engage \u00e9galement \u00e0 ne pas se livrer \u00e0 des activit\u00e9s de publicit\u00e9 ou d&rsquo;exploitation commerciale en envoyant des messages sous une fausse identit\u00e9.<\/p>\n<p>NUEVAS GALER\u00cdAS DEL RASTRO agit exclusivement en tant que responsable de la page dans sa condition de pr\u00eateur d&rsquo;un service d&rsquo;information sur ses propres services, n&rsquo;assumant pas la responsabilit\u00e9 des contenus que, en contravention aux pr\u00e9sentes conditions g\u00e9n\u00e9rales, les utilisateurs pourraient envoyer ou publier, l&rsquo;utilisateur \u00e9tant le seul responsable de la v\u00e9racit\u00e9 et de la l\u00e9galit\u00e9 de ces derniers.<\/p>\n<p>NUEVAS GALER\u00cdAS DEL RASTRO pourra interrompre le service de la page utilis\u00e9e par l&rsquo;utilisateur et mettre fin imm\u00e9diatement \u00e0 la relation avec l&rsquo;utilisateur si elle d\u00e9tecte une utilisation de la page ou de l&rsquo;un des services qui y sont offerts qu&rsquo;elle consid\u00e8re comme contraire \u00e0 ce qui est exprim\u00e9 dans le pr\u00e9sent avis juridique.<\/p>\n<p>&nbsp;<\/p>\n<h3>PROPRI\u00c9T\u00c9 INTELLECTUELLE ET INDUSTRIELLE<\/h3>\n<p>L&rsquo;ensemble de ce site web : textes, images, marques, graphiques, logos, boutons, fichiers logiciels, combinaisons de couleurs, ainsi que la structure, la s\u00e9lection, l&rsquo;ordre et la pr\u00e9sentation de son contenu, est prot\u00e9g\u00e9 par les lois sur la propri\u00e9t\u00e9 intellectuelle et industrielle, et sa reproduction, sa distribution, sa communication publique et sa transformation, \u00e0 l&rsquo;exception de l&rsquo;usage personnel et priv\u00e9, sont interdites.<\/p>\n<p>NUEVAS GALER\u00cdAS DEL RASTRO ne garantit pas que les contenus soient exacts ou exempts d&rsquo;erreurs, ni que leur libre utilisation par l&rsquo;utilisateur ne porte pas atteinte aux droits de tiers. L&rsquo;utilisation ou la mauvaise utilisation de ce site et de son contenu se fait aux risques et p\u00e9rils de l&rsquo;utilisateur.<\/p>\n<p>De m\u00eame, il est interdit de reproduire, retransmettre, copier, transf\u00e9rer ou rediffuser, totalement ou partiellement, les informations contenues dans la page, quels que soient son objectif et les moyens utilis\u00e9s, sans l&rsquo;autorisation pr\u00e9alable de NUEVAS GALER\u00cdAS DEL RASTRO.<\/p>\n<p>&nbsp;<\/p>\n<h3>LIENS<\/h3>\n<p>Le site peut inclure des liens vers des sites de tiers. Les pages appartenant \u00e0 des tiers n&rsquo;ont pas \u00e9t\u00e9 examin\u00e9es et ne sont pas soumises aux contr\u00f4les de NUEVAS GALER\u00cdAS DEL RASTRO. En tout \u00e9tat de cause, NUEVAS GALER\u00cdAS DEL RASTRO ne peut \u00eatre tenue responsable du contenu de ces sites web ni des mesures adopt\u00e9es concernant votre vie priv\u00e9e ou le traitement de vos donn\u00e9es personnelles.<\/p>\n<p>NUEVAS GALER\u00cdAS DEL RASTRO vous recommande de lire attentivement les conditions d&rsquo;utilisation et la politique de confidentialit\u00e9 de ces sites.<\/p>\n<p>Si vous souhaitez activer un lien vers l&rsquo;une des pages de NUEVAS GALER\u00cdAS DEL RASTRO, vous devrez le communiquer, en obtenant le consentement expr\u00e8s pour cr\u00e9er le lien. NUEVAS GALER\u00cdAS DEL RASTRO se r\u00e9serve le droit de s&rsquo;opposer \u00e0 l&rsquo;activation de liens vers son site web.<\/p>\n<p>&nbsp;<\/p>\n<h3>MINEURS<\/h3>\n<p>NUEVAS GALER\u00cdAS DEL RASTRO rappelle aux utilisateurs majeurs, responsables de mineurs, qu&rsquo;il leur incombe de d\u00e9terminer quels services et\/ou contenus ne sont pas adapt\u00e9s \u00e0 l&rsquo;\u00e2ge de ces derniers.<\/p>\n<p>NUEVAS GALER\u00cdAS DEL RASTRO vous informe qu&rsquo;il existe des programmes informatiques qui permettent de filtrer et de bloquer l&rsquo;acc\u00e8s \u00e0 certains contenus et services, afin que les parents ou les tuteurs, par exemple, puissent d\u00e9cider quels contenus et services Internet les mineurs peuvent ou ne peuvent pas acc\u00e9der.<\/p>\n<p>&nbsp;<\/p>\n<h3>LES RESPONSABILIT\u00c9S<\/h3>\n<p>NUEVAS GALER\u00cdAS DEL RASTRO n&rsquo;est pas responsable, directement ou indirectement, de ce qui suit :<\/p>\n<ul>\n<li>La qualit\u00e9 du service, la rapidit\u00e9 d&rsquo;acc\u00e8s, le bon fonctionnement et la disponibilit\u00e9 et la continuit\u00e9 de l&rsquo;exploitation du Site.<\/li>\n<li>Les dommages qui pourraient \u00eatre caus\u00e9s \u00e0 l&rsquo;\u00e9quipement de l&rsquo;utilisateur par l&rsquo;utilisation du site.<\/li>\n<li>les cas o\u00f9 un tiers, en violation des mesures de s\u00e9curit\u00e9 \u00e9tablies, acc\u00e8de aux messages ou les utilise pour transmettre des virus informatiques.<\/li>\n<li>les vices et d\u00e9fauts de toute nature dans le contenu transmis, diffus\u00e9, stock\u00e9 ou mis \u00e0 disposition.<\/li>\n<li>La l\u00e9galit\u00e9, la fiabilit\u00e9 et l&rsquo;utilit\u00e9 des contenus que les utilisateurs transmettent par l&rsquo;interm\u00e9diaire du site web ou des services qui y sont propos\u00e9s, ainsi que leur v\u00e9racit\u00e9 ou leur exactitude. NUEVAS GALER\u00cdAS DEL RASTRO ne contr\u00f4le pas l&rsquo;utilisation que les utilisateurs font de la page, ni ne garantit qu&rsquo;ils le font conform\u00e9ment \u00e0 ce qui est \u00e9tabli dans le pr\u00e9sent avis juridique.<\/li>\n<\/ul>\n<p>A titre d&rsquo;exemple et sans limitation, l&rsquo;utilisateur est responsable de :<\/p>\n<ul>\n<li>des contenus saisis par eux, notamment des donn\u00e9es et informations saisies et envoy\u00e9es \u00e0 NUEVAS GALER\u00cdAS DEL RASTRO par le biais du site ou sur le site.<\/li>\n<li>de la r\u00e9alisation de tout type d&rsquo;action ill\u00e9gale, pr\u00e9judiciable, nuisible et\/ou dommageable.<\/li>\n<li>La fourniture d&rsquo;informations fausses ou incorrectes.<\/li>\n<\/ul>\n<p>&nbsp;<\/p>\n<h3><strong>FORUM<\/strong><\/h3>\n<p>Le pr\u00e9sent avis juridique est r\u00e9dig\u00e9 en espagnol et est soumis \u00e0 la l\u00e9gislation espagnole en vigueur. Pour tout type de litige d\u00e9coulant de l&rsquo;utilisation des services offerts ou des contenus du site Web, les parties, avec l&rsquo;acceptation des clauses \u00e9tablies dans le pr\u00e9sent avis juridique, se soumettront aux cours et tribunaux comp\u00e9tents de Madrid.<\/p>\n<p>[\/et_pb_text][\/et_pb_column][\/et_pb_row][\/et_pb_section]<\/p>\n","protected":false},"excerpt":{"rendered":"<p>JURIDIQUEAvis juridique<div class=\"et_pb_module dipi_breadcrumbs dipi_breadcrumbs_0\">\n\t\t\t\t\n\t\t\t\t\n\t\t\t\t\n\t\t\t\t\n\t\t\t\t\n\t\t\t\t\n\t\t\t\t<div class=\"et_pb_module_inner\">\n\t\t\t\t\t<div class=\"dipi-breadcrumbs dipi-bc-left\">\n                <ul >\n                    \n                                                        <li  class=\"dipi-breadcrumb-item dipi-breadcrumb-home\">\n\n                        \n                            <a  href=\"https:\/\/agftours.server3.trinchera.dev\/\">\n                                <span  content=\"Home\">\n                                    <span class=\"et-pb-icon dipi-home-icon\"><\/span>                                    Inicio                                <\/span>\n                            <\/a>\n\n                                                <meta itemprop=\"position\" content=\"1\"\/>                    <\/li>\n\n                    <li class=\"dipi-breadcrumb-separator\">\n                    <span class=\"et-pb-icon dipi-separator-icon\">&#x35;<\/span>\n                <\/li>                            \n                <\/ul>\n            <\/div>\n\t\t\t\t<\/div>\n\t\t\t<\/div>Le pr\u00e9sent avis juridique r\u00e9git l&rsquo;utilisation du site web https:\/\/www.nuevasgalerias.madrid\/ (ci-apr\u00e8s, le Site), propri\u00e9t\u00e9 de NUEVAS GALER\u00cdAS DEL RASTRO, sise C\/ Ribera de Curtidores 12, 28005, Madrid ; d\u00e9pendant de l&rsquo;ASOCIACI\u00d3N VENERABLE [&hellip;]<\/p>\n","protected":false},"author":1,"featured_media":1771008,"parent":0,"menu_order":0,"comment_status":"closed","ping_status":"closed","template":"","meta":{"_et_pb_use_builder":"on","_et_pb_old_content":"","_et_gb_content_width":"","footnotes":""},"dipi_cpt_category":[],"class_list":["post-1771020","page","type-page","status-publish","has-post-thumbnail","hentry"],"_links":{"self":[{"href":"https:\/\/nuevasgalerias.madrid\/fr\/wp-json\/wp\/v2\/pages\/1771020","targetHints":{"allow":["GET"]}}],"collection":[{"href":"https:\/\/nuevasgalerias.madrid\/fr\/wp-json\/wp\/v2\/pages"}],"about":[{"href":"https:\/\/nuevasgalerias.madrid\/fr\/wp-json\/wp\/v2\/types\/page"}],"author":[{"embeddable":true,"href":"https:\/\/nuevasgalerias.madrid\/fr\/wp-json\/wp\/v2\/users\/1"}],"replies":[{"embeddable":true,"href":"https:\/\/nuevasgalerias.madrid\/fr\/wp-json\/wp\/v2\/comments?post=1771020"}],"version-history":[{"count":0,"href":"https:\/\/nuevasgalerias.madrid\/fr\/wp-json\/wp\/v2\/pages\/1771020\/revisions"}],"wp:featuredmedia":[{"embeddable":true,"href":"https:\/\/nuevasgalerias.madrid\/fr\/wp-json\/wp\/v2\/media\/1771008"}],"wp:attachment":[{"href":"https:\/\/nuevasgalerias.madrid\/fr\/wp-json\/wp\/v2\/media?parent=1771020"}],"wp:term":[{"taxonomy":"dipi_cpt_category","embeddable":true,"href":"https:\/\/nuevasgalerias.madrid\/fr\/wp-json\/wp\/v2\/dipi_cpt_category?post=1771020"}],"curies":[{"name":"wp","href":"https:\/\/api.w.org\/{rel}","templated":true}]}}