{"id":1771311,"date":"2022-04-04T11:47:59","date_gmt":"2022-04-04T09:47:59","guid":{"rendered":"https:\/\/nuevasgalerias.madrid\/tests\/"},"modified":"2024-01-14T13:43:18","modified_gmt":"2024-01-14T12:43:18","slug":"tests","status":"publish","type":"page","link":"https:\/\/nuevasgalerias.madrid\/fr\/tests\/","title":{"rendered":"Tests"},"content":{"rendered":"<p>[et_pb_section fb_built=\u00a0\u00bb1&Prime; custom_padding_last_edited=\u00a0\u00bbon|phone\u00a0\u00bb _builder_version=\u00a0\u00bb4.14.8&Prime; _module_preset=\u00a0\u00bb88ca1067-9481-4fcc-849d-eb92e1cd98ee\u00a0\u00bb use_background_color_gradient=\u00a0\u00bbon\u00a0\u00bb background_color_gradient_start=\u00a0\u00bb#2f2b5a\u00a0\u00bb background_color_gradient_end=\u00a0\u00bbrgba(47,43,90,0.78)\u00a0\u00bb background_color_gradient_direction=\u00a0\u00bb140deg\u00a0\u00bb background_color_gradient_overlays_image=\u00a0\u00bbon\u00a0\u00bb background_image=\u00a0\u00bbhttps:\/\/agftours.server3.trinchera.dev\/wp-content\/uploads\/2021\/12\/creative-blog-05.jpg\u00a0\u00bb custom_padding=\u00a0\u00bb180px||180px||true|false\u00a0\u00bb custom_padding_tablet=\u00a0\u00bb100px||100px||true|false\u00a0\u00bb custom_padding_phone=\u00a0\u00bb40px||40px||true|false\u00a0\u00bb hover_enabled=\u00a0\u00bb0&Prime; global_colors_info=\u00a0\u00bb{}\u00a0\u00bb custom_margin=\u00a0\u00bb-76px||||false|false\u00a0\u00bb sticky_enabled=\u00a0\u00bb0&Prime;][et_pb_row _builder_version=\u00a0\u00bb4.14.2&Prime; _module_preset=\u00a0\u00bb6c95c9fb-55a4-467b-85bc-f6de33749058&Prime; width_phone=\u00a0\u00bb90%\u00a0\u00bb scroll_vertical_motion_enable=\u00a0\u00bbon\u00a0\u00bb scroll_vertical_motion=\u00a0\u00bb0|41|41|100|1|0|-1&Prime; scroll_fade_enable=\u00a0\u00bbon\u00a0\u00bb scroll_fade=\u00a0\u00bb0|79|79|100|100%|100%|0%\u00a0\u00bb scroll_vertical_motion_tablet=\u00a0\u00bb0|41|41|100|1|0|-1&Prime; scroll_vertical_motion_phone=\u00a0\u00bb0|78|78|100|1|0|-1&Prime; scroll_vertical_motion_last_edited=\u00a0\u00bbon|phone\u00a0\u00bb global_colors_info=\u00a0\u00bb{}\u00a0\u00bb][et_pb_column type=\u00a0\u00bb4_4&Prime; _builder_version=\u00a0\u00bb4.11.0&Prime; _module_preset=\u00a0\u00bbdefault\u00a0\u00bb global_colors_info=\u00a0\u00bb{}\u00a0\u00bb][et_pb_text module_class=\u00a0\u00bbsubheading\u00a0\u00bb _builder_version=\u00a0\u00bb4.11.0&Prime; _module_preset=\u00a0\u00bb8f613fdb-1f16-4387-a27f-45a8573ec221&Prime; text_font=\u00a0\u00bbPoppins|500||on|||||\u00a0\u00bb text_text_color=\u00a0\u00bbgcid-2e7d7533-3847-4012-b825-41d080ea36ae\u00a0\u00bb text_font_size=\u00a0\u00bb24px\u00a0\u00bb background_color=\u00a0\u00bbgcid-097a2060-1d93-4182-80c5-92e20c1f9b85&Prime; background_enable_color=\u00a0\u00bboff\u00a0\u00bb global_colors_info=\u00a0\u00bb{}\u00a0\u00bb]<\/p>\n<p><span>\u00c0 PROPOS DE NOUS<\/span><\/p>\n<p>[\/et_pb_text][et_pb_text _builder_version=\u00a0\u00bb4.14.2&Prime; _module_preset=\u00a0\u00bba545a0f0-f703-4169-aa4d-4fc969b7dab6&Prime; text_font=\u00a0\u00bbPT Serif||||||||\u00a0\u00bb text_text_color=\u00a0\u00bb#FFFFFF\u00a0\u00bb text_font_size=\u00a0\u00bb20px\u00a0\u00bb header_font=\u00a0\u00bbPoppins|600|||||||\u00a0\u00bb header_text_color=\u00a0\u00bbgcid-4d574a6e-ef1a-49f7-a4cc-f829a22c04a1&Prime; header_font_size=\u00a0\u00bb56px\u00a0\u00bb header_2_font=\u00a0\u00bbPoppins|600|||||||\u00a0\u00bb header_2_text_color=\u00a0\u00bbgcid-4d574a6e-ef1a-49f7-a4cc-f829a22c04a1&Prime; header_3_font=\u00a0\u00bbPoppins|600|||||||\u00a0\u00bb header_3_text_color=\u00a0\u00bbgcid-4d574a6e-ef1a-49f7-a4cc-f829a22c04a1&Prime; header_4_font=\u00a0\u00bbPoppins|600|||||||\u00a0\u00bb header_4_text_color=\u00a0\u00bbgcid-4d574a6e-ef1a-49f7-a4cc-f829a22c04a1&Prime; header_5_font=\u00a0\u00bbPoppins|600|||||||\u00a0\u00bb header_6_font=\u00a0\u00bbPoppins|600|||||||\u00a0\u00bb background_color=\u00a0\u00bbgcid-097a2060-1d93-4182-80c5-92e20c1f9b85&Prime; background_enable_color=\u00a0\u00bboff\u00a0\u00bb max_width=\u00a0\u00bb64%\u00a0\u00bb max_width_tablet=\u00a0\u00bb100%\u00a0\u00bb max_width_phone=\u00a0\u00bb\u00a0\u00bb max_width_last_edited=\u00a0\u00bbon|phone\u00a0\u00bb header_font_size_tablet=\u00a0\u00bb40px\u00a0\u00bb header_font_size_phone=\u00a0\u00bb30px\u00a0\u00bb header_font_size_last_edited=\u00a0\u00bbon|phone\u00a0\u00bb global_colors_info=\u00a0\u00bb{}\u00a0\u00bb]<\/p>\n<h1><span>Nous nous effor\u00e7ons d&rsquo;\u00eatre les meilleurs et de faire du bon travail.<\/span><\/h1>\n<p>[\/et_pb_text][dipi_breadcrumbs bc_custom_home=\u00a0\u00bbon\u00a0\u00bb bc_home_text=\u00a0\u00bbHome\u00a0\u00bb bc_home_url=\u00a0\u00bbhttps:\/\/agftours.server3.trinchera.dev\/\u00a0\u00bb bc_home_icon=\u00a0\u00bbon\u00a0\u00bb bc_home_color=\u00a0\u00bb#F6F7FA\u00a0\u00bb bc_separator_icon=\u00a0\u00bb&#x35;||divi||400&Prime; bc_post_type=\u00a0\u00bbpage\u00a0\u00bb bc_separator_color=\u00a0\u00bb#F6F7FA\u00a0\u00bb bc_item_bg_color=\u00a0\u00bb#4c466d\u00a0\u00bb bc_item_padding=\u00a0\u00bb10px|15px|10px|15px|true|true\u00a0\u00bb bc_active_item_color=\u00a0\u00bb#4c466d\u00a0\u00bb bc_active_item_padding=\u00a0\u00bb10px|15px|10px|15px|true|true\u00a0\u00bb _builder_version=\u00a0\u00bb4.14.2&Prime; _module_preset=\u00a0\u00bbdefault\u00a0\u00bb items_font=\u00a0\u00bbPoppins||||||||\u00a0\u00bb items_text_color=\u00a0\u00bb#F6F7FA\u00a0\u00bb items_font_size_tablet=\u00a0\u00bb\u00a0\u00bb items_font_size_phone=\u00a0\u00bb13px\u00a0\u00bb items_font_size_last_edited=\u00a0\u00bbon|phone\u00a0\u00bb border_radii_items=\u00a0\u00bbon|376px|376px|376px|376px\u00a0\u00bb border_radii_active=\u00a0\u00bbon|764px|764px|764px|764px\u00a0\u00bb global_colors_info=\u00a0\u00bb{}\u00a0\u00bb][\/dipi_breadcrumbs][\/et_pb_column][\/et_pb_row][\/et_pb_section][et_pb_section fb_built=\u00a0\u00bb1&Prime; _builder_version=\u00a0\u00bb4.14.8&Prime; _module_preset=\u00a0\u00bbdefault\u00a0\u00bb global_colors_info=\u00a0\u00bb{}\u00a0\u00bb][\/et_pb_section]<\/p>\n","protected":false},"excerpt":{"rendered":"<p>\u00c0 PROPOS DE NOUSNous nous effor\u00e7ons d&rsquo;\u00eatre les meilleurs et de faire du bon travail.<div class=\"et_pb_module dipi_breadcrumbs dipi_breadcrumbs_0\">\n\t\t\t\t\n\t\t\t\t\n\t\t\t\t\n\t\t\t\t\n\t\t\t\t\n\t\t\t\t\n\t\t\t\t<div class=\"et_pb_module_inner\">\n\t\t\t\t\t<div class=\"dipi-breadcrumbs dipi-bc-left\">\n                <ul >\n                    \n                                                        <li  class=\"dipi-breadcrumb-item dipi-breadcrumb-home\">\n\n                        \n                            <a  href=\"https:\/\/agftours.server3.trinchera.dev\/\">\n                                <span  content=\"Home\">\n                                    <span class=\"et-pb-icon dipi-home-icon\"><\/span>                                    Home                                <\/span>\n                            <\/a>\n\n                                                <meta itemprop=\"position\" content=\"1\"\/>                    <\/li>\n\n                    <li class=\"dipi-breadcrumb-separator\">\n                    <span class=\"et-pb-icon dipi-separator-icon\">&#x35;<\/span>\n                <\/li>                            \n                <\/ul>\n            <\/div>\n\t\t\t\t<\/div>\n\t\t\t<\/div><\/p>\n","protected":false},"author":1,"featured_media":0,"parent":0,"menu_order":0,"comment_status":"closed","ping_status":"closed","template":"","meta":{"_et_pb_use_builder":"on","_et_pb_old_content":"","_et_gb_content_width":"","footnotes":""},"dipi_cpt_category":[],"class_list":["post-1771311","page","type-page","status-publish","hentry"],"_links":{"self":[{"href":"https:\/\/nuevasgalerias.madrid\/fr\/wp-json\/wp\/v2\/pages\/1771311","targetHints":{"allow":["GET"]}}],"collection":[{"href":"https:\/\/nuevasgalerias.madrid\/fr\/wp-json\/wp\/v2\/pages"}],"about":[{"href":"https:\/\/nuevasgalerias.madrid\/fr\/wp-json\/wp\/v2\/types\/page"}],"author":[{"embeddable":true,"href":"https:\/\/nuevasgalerias.madrid\/fr\/wp-json\/wp\/v2\/users\/1"}],"replies":[{"embeddable":true,"href":"https:\/\/nuevasgalerias.madrid\/fr\/wp-json\/wp\/v2\/comments?post=1771311"}],"version-history":[{"count":0,"href":"https:\/\/nuevasgalerias.madrid\/fr\/wp-json\/wp\/v2\/pages\/1771311\/revisions"}],"wp:attachment":[{"href":"https:\/\/nuevasgalerias.madrid\/fr\/wp-json\/wp\/v2\/media?parent=1771311"}],"wp:term":[{"taxonomy":"dipi_cpt_category","embeddable":true,"href":"https:\/\/nuevasgalerias.madrid\/fr\/wp-json\/wp\/v2\/dipi_cpt_category?post=1771311"}],"curies":[{"name":"wp","href":"https:\/\/api.w.org\/{rel}","templated":true}]}}